{"id":1192,"date":"2022-09-26T13:24:55","date_gmt":"2022-09-26T11:24:55","guid":{"rendered":"http:\/\/www.miam.cooking\/?page_id=1192"},"modified":"2024-06-13T15:46:23","modified_gmt":"2024-06-13T13:46:23","slug":"a-propos","status":"publish","type":"page","link":"https:\/\/www.miam.cooking\/index.php\/a-propos\/","title":{"rendered":"\u00c0 propos"},"content":{"rendered":"<style>\/*! elementor - v3.7.8 - 02-10-2022 *\/<br \/>\n.elementor-heading-title{padding:0;margin:0;line-height:1}.elementor-widget-heading .elementor-heading-title[class*=elementor-size-]>a{color:inherit;font-size:inherit;line-height:inherit}.elementor-widget-heading .elementor-heading-title.elementor-size-small{font-size:15px}.elementor-widget-heading .elementor-heading-title.elementor-size-medium{font-size:19px}.elementor-widget-heading .elementor-heading-title.elementor-size-large{font-size:29px}.elementor-widget-heading .elementor-heading-title.elementor-size-xl{font-size:39px}.elementor-widget-heading .elementor-heading-title.elementor-size-xxl{font-size:59px}<\/style>\n<h2><b>Qui sommes nous ?<\/b><\/h2>\n<p>Une team construite autour d&rsquo;une cheffe r\u00e9f\u00e9rente.<br style=\"font-family: &quot;Barlow Semi Condensed&quot;, sans-serif;\">Plus qu&rsquo;une brigade, MI\u00c0M c&rsquo;est Emma (Blogueuse Culinaire et Chroniqueuse TV) qui f\u00e9d\u00e8re et r\u00e9unit des passionn\u00e9s de cuisine pour des exp\u00e9riences gourmandes, d\u00e9tendues et riches de surprises.<br style=\"font-family: &quot;Barlow Semi Condensed&quot;, sans-serif;\">Des profils inattendus qui donnent \u00e0 nos prestations une dimension unique.<\/p>\n<style>\/*! elementor - v3.7.8 - 02-10-2022 *\/<br \/>\n.elementor-widget-image{text-align:center}.elementor-widget-image a{display:inline-block}.elementor-widget-image a img[src$=\".svg\"]{width:48px}.elementor-widget-image img{vertical-align:middle;display:inline-block}<\/style>\n<p>\t\t\t\t\t\t\t\t\t\t\t\t<img decoding=\"async\" width=\"1024\" height=\"1024\" src=\"http:\/\/www.miam.cooking\/wp-content\/uploads\/2022\/10\/PHOTO-2022-10-07-11-44-53-1024x1024.jpg\" alt=\"\" loading=\"lazy\" srcset=\"http:\/\/www.miam.cooking\/wp-content\/uploads\/2022\/10\/PHOTO-2022-10-07-11-44-53-1024x1024.jpg 1024w, http:\/\/www.miam.cooking\/wp-content\/uploads\/2022\/10\/PHOTO-2022-10-07-11-44-53-300x300.jpg 300w, http:\/\/www.miam.cooking\/wp-content\/uploads\/2022\/10\/PHOTO-2022-10-07-11-44-53-150x150.jpg 150w, http:\/\/www.miam.cooking\/wp-content\/uploads\/2022\/10\/PHOTO-2022-10-07-11-44-53-768x768.jpg 768w, http:\/\/www.miam.cooking\/wp-content\/uploads\/2022\/10\/PHOTO-2022-10-07-11-44-53-600x600.jpg 600w, http:\/\/www.miam.cooking\/wp-content\/uploads\/2022\/10\/PHOTO-2022-10-07-11-44-53.jpg 1440w\" sizes=\"(max-width: 1024px) 100vw, 1024px\"><\/p>\n<h2><b>La team cheffes<\/b><\/h2>\n<p><b>Alexandra<\/b>, auteure et journaliste vous mitonne sa cuisine g\u00e9n\u00e9reuse de maman, teint\u00e9e d\u2019origines berrichonnes et de sa passion pour les saveurs d\u2019Asie ou d\u2019Afrique du Nord. Toute une histoire dans nos recettes !<\/p>\n<p><b>Daphn\u00e9<\/b>, maquilleuse de fiction et ancienne cuisini\u00e8re reprend ses couteaux pour une mise en beaut\u00e9 de vos assiettes.<\/p>\n<p><img decoding=\"async\" width=\"1024\" height=\"1024\" src=\"http:\/\/www.miam.cooking\/wp-content\/uploads\/2022\/10\/PHOTO-2022-10-07-11-46-22-1024x1024.jpg\" alt=\"\" loading=\"lazy\" srcset=\"http:\/\/www.miam.cooking\/wp-content\/uploads\/2022\/10\/PHOTO-2022-10-07-11-46-22-1024x1024.jpg 1024w, http:\/\/www.miam.cooking\/wp-content\/uploads\/2022\/10\/PHOTO-2022-10-07-11-46-22-300x300.jpg 300w, http:\/\/www.miam.cooking\/wp-content\/uploads\/2022\/10\/PHOTO-2022-10-07-11-46-22-150x150.jpg 150w, http:\/\/www.miam.cooking\/wp-content\/uploads\/2022\/10\/PHOTO-2022-10-07-11-46-22-768x768.jpg 768w, http:\/\/www.miam.cooking\/wp-content\/uploads\/2022\/10\/PHOTO-2022-10-07-11-46-22-600x600.jpg 600w, http:\/\/www.miam.cooking\/wp-content\/uploads\/2022\/10\/PHOTO-2022-10-07-11-46-22.jpg 1200w\" sizes=\"(max-width: 1024px) 100vw, 1024px\"><\/p>\n<h2><b>La team serveurs<\/b><\/h2>\n<p><b>Peggy<\/b>, cheffe d\u00e9co et peintre, a explor\u00e9 les m\u00e9tiers de l\u2019\u00e9v\u00e8nementiel, d\u2019h\u00f4tesse trilingue \u00e0 cheffe de rang, en passant par l\u2019organisation de soir\u00e9es. Un cadre toujours soign\u00e9 pour vos moments gourmands*.<\/p>\n<p><b>Slimane<\/b>, com\u00e9dien et r\u00e9gisseur nous r\u00e9gale de sa bonne humeur et de sa gentillesse et fait tourner nos prestations comme sur des roulettes.<\/p>\n<p><img decoding=\"async\" width=\"1015\" height=\"1015\" src=\"http:\/\/www.miam.cooking\/wp-content\/uploads\/2022\/10\/PHOTO-2022-10-07-11-47-09.jpg\" alt=\"\" loading=\"lazy\" srcset=\"http:\/\/www.miam.cooking\/wp-content\/uploads\/2022\/10\/PHOTO-2022-10-07-11-47-09.jpg 1015w, http:\/\/www.miam.cooking\/wp-content\/uploads\/2022\/10\/PHOTO-2022-10-07-11-47-09-300x300.jpg 300w, http:\/\/www.miam.cooking\/wp-content\/uploads\/2022\/10\/PHOTO-2022-10-07-11-47-09-150x150.jpg 150w, http:\/\/www.miam.cooking\/wp-content\/uploads\/2022\/10\/PHOTO-2022-10-07-11-47-09-768x768.jpg 768w, http:\/\/www.miam.cooking\/wp-content\/uploads\/2022\/10\/PHOTO-2022-10-07-11-47-09-600x600.jpg 600w\" sizes=\"(max-width: 1015px) 100vw, 1015px\"><\/p>\n","protected":false},"excerpt":{"rendered":"<p>Qui sommes nous ? Une team construite autour d&rsquo;une cheffe r\u00e9f\u00e9rente.Plus qu&rsquo;une brigade, MI\u00c0M c&rsquo;est Emma (Blogueuse Culinaire et Chroniqueuse TV) qui f\u00e9d\u00e8re et r\u00e9unit des passionn\u00e9s de cuisine pour des exp\u00e9riences gourmandes, d\u00e9tendues et riches de surprises.Des profils inattendus qui donnent \u00e0 nos prestations une dimension unique. La team cheffes Alexandra, auteure et journaliste [&hellip;]<\/p>\n","protected":false},"author":3,"featured_media":0,"parent":0,"menu_order":0,"comment_status":"closed","ping_status":"closed","template":"","meta":{"ocean_post_layout":"","ocean_both_sidebars_style":"","ocean_both_sidebars_content_width":0,"ocean_both_sidebars_sidebars_width":0,"ocean_sidebar":"0","ocean_second_sidebar":"0","ocean_disable_margins":"enable","ocean_add_body_class":"","ocean_shortcode_before_top_bar":"","ocean_shortcode_after_top_bar":"","ocean_shortcode_before_header":"","ocean_shortcode_after_header":"","ocean_has_shortcode":"","ocean_shortcode_after_title":"","ocean_shortcode_before_footer_widgets":"","ocean_shortcode_after_footer_widgets":"","ocean_shortcode_before_footer_bottom":"","ocean_shortcode_after_footer_bottom":"","ocean_display_top_bar":"default","ocean_display_header":"default","ocean_header_style":"","ocean_center_header_left_menu":"0","ocean_custom_header_template":"0","ocean_custom_logo":11,"ocean_custom_retina_logo":11,"ocean_custom_logo_max_width":0,"ocean_custom_logo_tablet_max_width":0,"ocean_custom_logo_mobile_max_width":0,"ocean_custom_logo_max_height":0,"ocean_custom_logo_tablet_max_height":0,"ocean_custom_logo_mobile_max_height":0,"ocean_header_custom_menu":"0","ocean_menu_typo_font_family":"0","ocean_menu_typo_font_subset":"","ocean_menu_typo_font_size":0,"ocean_menu_typo_font_size_tablet":0,"ocean_menu_typo_font_size_mobile":0,"ocean_menu_typo_font_size_unit":"px","ocean_menu_typo_font_weight":"","ocean_menu_typo_font_weight_tablet":"","ocean_menu_typo_font_weight_mobile":"","ocean_menu_typo_transform":"","ocean_menu_typo_transform_tablet":"","ocean_menu_typo_transform_mobile":"","ocean_menu_typo_line_height":0,"ocean_menu_typo_line_height_tablet":0,"ocean_menu_typo_line_height_mobile":0,"ocean_menu_typo_line_height_unit":"","ocean_menu_typo_spacing":0,"ocean_menu_typo_spacing_tablet":0,"ocean_menu_typo_spacing_mobile":0,"ocean_menu_typo_spacing_unit":"","ocean_menu_link_color":"","ocean_menu_link_color_hover":"","ocean_menu_link_color_active":"","ocean_menu_link_background":"","ocean_menu_link_hover_background":"","ocean_menu_link_active_background":"","ocean_menu_social_links_bg":"","ocean_menu_social_hover_links_bg":"","ocean_menu_social_links_color":"","ocean_menu_social_hover_links_color":"","ocean_disable_title":"default","ocean_disable_heading":"default","ocean_post_title":"","ocean_post_subheading":"","ocean_post_title_style":"","ocean_post_title_background_color":"","ocean_post_title_background":0,"ocean_post_title_bg_image_position":"","ocean_post_title_bg_image_attachment":"","ocean_post_title_bg_image_repeat":"","ocean_post_title_bg_image_size":"","ocean_post_title_height":0,"ocean_post_title_bg_overlay":0.5,"ocean_post_title_bg_overlay_color":"","ocean_disable_breadcrumbs":"default","ocean_breadcrumbs_color":"","ocean_breadcrumbs_separator_color":"","ocean_breadcrumbs_links_color":"","ocean_breadcrumbs_links_hover_color":"","ocean_display_footer_widgets":"default","ocean_display_footer_bottom":"default","ocean_custom_footer_template":"0","footnotes":""},"yoast_head":"<!-- This site is optimized with the Yoast SEO plugin v22.8 - https:\/\/yoast.com\/wordpress\/plugins\/seo\/ -->\n<title>\u00c0 propos - MI\u00c0M by Emma<\/title>\n<meta name=\"robots\" content=\"index, follow, max-snippet:-1, max-image-preview:large, max-video-preview:-1\" \/>\n<link rel=\"canonical\" href=\"https:\/\/www.miam.cooking\/index.php\/a-propos\/\" \/>\n<meta property=\"og:locale\" content=\"fr_FR\" \/>\n<meta property=\"og:type\" content=\"article\" \/>\n<meta property=\"og:title\" content=\"\u00c0 propos - MI\u00c0M by Emma\" \/>\n<meta property=\"og:description\" content=\"Qui sommes nous ? Une team construite autour d&rsquo;une cheffe r\u00e9f\u00e9rente.Plus qu&rsquo;une brigade, MI\u00c0M c&rsquo;est Emma (Blogueuse Culinaire et Chroniqueuse TV) qui f\u00e9d\u00e8re et r\u00e9unit des passionn\u00e9s de cuisine pour des exp\u00e9riences gourmandes, d\u00e9tendues et riches de surprises.Des profils inattendus qui donnent \u00e0 nos prestations une dimension unique. La team cheffes Alexandra, auteure et journaliste [&hellip;]\" \/>\n<meta property=\"og:url\" content=\"https:\/\/www.miam.cooking\/index.php\/a-propos\/\" \/>\n<meta property=\"og:site_name\" content=\"MI\u00c0M by Emma\" \/>\n<meta property=\"article:publisher\" content=\"https:\/\/www.facebook.com\/www.miam.cooking\" \/>\n<meta property=\"article:modified_time\" content=\"2024-06-13T13:46:23+00:00\" \/>\n<meta property=\"og:image\" content=\"http:\/\/www.miam.cooking\/wp-content\/uploads\/2022\/10\/PHOTO-2022-10-07-11-44-53-1024x1024.jpg\" \/>\n<meta name=\"twitter:card\" content=\"summary_large_image\" \/>\n<meta name=\"twitter:label1\" content=\"Dur\u00e9e de lecture estim\u00e9e\" \/>\n\t<meta name=\"twitter:data1\" content=\"1 minute\" \/>\n<script type=\"application\/ld+json\" class=\"yoast-schema-graph\">{\"@context\":\"https:\/\/schema.org\",\"@graph\":[{\"@type\":\"WebPage\",\"@id\":\"https:\/\/www.miam.cooking\/index.php\/a-propos\/\",\"url\":\"https:\/\/www.miam.cooking\/index.php\/a-propos\/\",\"name\":\"\u00c0 propos - MI\u00c0M by Emma\",\"isPartOf\":{\"@id\":\"http:\/\/www.miam.cooking\/#website\"},\"primaryImageOfPage\":{\"@id\":\"https:\/\/www.miam.cooking\/index.php\/a-propos\/#primaryimage\"},\"image\":{\"@id\":\"https:\/\/www.miam.cooking\/index.php\/a-propos\/#primaryimage\"},\"thumbnailUrl\":\"http:\/\/www.miam.cooking\/wp-content\/uploads\/2022\/10\/PHOTO-2022-10-07-11-44-53-1024x1024.jpg\",\"datePublished\":\"2022-09-26T11:24:55+00:00\",\"dateModified\":\"2024-06-13T13:46:23+00:00\",\"breadcrumb\":{\"@id\":\"https:\/\/www.miam.cooking\/index.php\/a-propos\/#breadcrumb\"},\"inLanguage\":\"fr-FR\",\"potentialAction\":[{\"@type\":\"ReadAction\",\"target\":[\"https:\/\/www.miam.cooking\/index.php\/a-propos\/\"]}]},{\"@type\":\"ImageObject\",\"inLanguage\":\"fr-FR\",\"@id\":\"https:\/\/www.miam.cooking\/index.php\/a-propos\/#primaryimage\",\"url\":\"https:\/\/www.miam.cooking\/wp-content\/uploads\/2022\/10\/PHOTO-2022-10-07-11-44-53.jpg\",\"contentUrl\":\"https:\/\/www.miam.cooking\/wp-content\/uploads\/2022\/10\/PHOTO-2022-10-07-11-44-53.jpg\",\"width\":1440,\"height\":1440},{\"@type\":\"BreadcrumbList\",\"@id\":\"https:\/\/www.miam.cooking\/index.php\/a-propos\/#breadcrumb\",\"itemListElement\":[{\"@type\":\"ListItem\",\"position\":1,\"name\":\"Accueil\",\"item\":\"http:\/\/www.miam.cooking\/\"},{\"@type\":\"ListItem\",\"position\":2,\"name\":\"\u00c0 propos\"}]},{\"@type\":\"WebSite\",\"@id\":\"http:\/\/www.miam.cooking\/#website\",\"url\":\"http:\/\/www.miam.cooking\/\",\"name\":\"MI\u00c0M by Emma\",\"description\":\"Traiteur \u00e9v\u00e9nementiel sp\u00e9cialis\u00e9 dans la cr\u00e9ation de mets d\u00e9licieux et raffin\u00e9s pour tous types d&#039;\u00e9v\u00e9nements. Notre \u00e9quipe talentueuse travaille avec passion pour satisfaire les palais les plus exigeants. De plus, nous offrons \u00e9galement un service de cheffe priv\u00e9e, pour des exp\u00e9riences culinaires exclusives et personnalis\u00e9es selon vos go\u00fbts et vos besoins. Faites appel \u00e0 nous pour rendre votre \u00e9v\u00e9nement inoubliable et savoureux.\",\"publisher\":{\"@id\":\"http:\/\/www.miam.cooking\/#organization\"},\"potentialAction\":[{\"@type\":\"SearchAction\",\"target\":{\"@type\":\"EntryPoint\",\"urlTemplate\":\"http:\/\/www.miam.cooking\/?s={search_term_string}\"},\"query-input\":\"required name=search_term_string\"}],\"inLanguage\":\"fr-FR\"},{\"@type\":\"Organization\",\"@id\":\"http:\/\/www.miam.cooking\/#organization\",\"name\":\"MI\u00c0M by Emma\",\"url\":\"http:\/\/www.miam.cooking\/\",\"logo\":{\"@type\":\"ImageObject\",\"inLanguage\":\"fr-FR\",\"@id\":\"http:\/\/www.miam.cooking\/#\/schema\/logo\/image\/\",\"url\":\"https:\/\/www.miam.cooking\/wp-content\/uploads\/2022\/09\/new-logo-MIAM-carre.png\",\"contentUrl\":\"https:\/\/www.miam.cooking\/wp-content\/uploads\/2022\/09\/new-logo-MIAM-carre.png\",\"width\":595,\"height\":842,\"caption\":\"MI\u00c0M by Emma\"},\"image\":{\"@id\":\"http:\/\/www.miam.cooking\/#\/schema\/logo\/image\/\"},\"sameAs\":[\"https:\/\/www.facebook.com\/www.miam.cooking\",\"https:\/\/www.instagram.com\/miam.cooking\/\"]}]}<\/script>\n<!-- \/ Yoast SEO plugin. -->","yoast_head_json":{"title":"\u00c0 propos - MI\u00c0M by Emma","robots":{"index":"index","follow":"follow","max-snippet":"max-snippet:-1","max-image-preview":"max-image-preview:large","max-video-preview":"max-video-preview:-1"},"canonical":"https:\/\/www.miam.cooking\/index.php\/a-propos\/","og_locale":"fr_FR","og_type":"article","og_title":"\u00c0 propos - MI\u00c0M by Emma","og_description":"Qui sommes nous ? Une team construite autour d&rsquo;une cheffe r\u00e9f\u00e9rente.Plus qu&rsquo;une brigade, MI\u00c0M c&rsquo;est Emma (Blogueuse Culinaire et Chroniqueuse TV) qui f\u00e9d\u00e8re et r\u00e9unit des passionn\u00e9s de cuisine pour des exp\u00e9riences gourmandes, d\u00e9tendues et riches de surprises.Des profils inattendus qui donnent \u00e0 nos prestations une dimension unique. La team cheffes Alexandra, auteure et journaliste [&hellip;]","og_url":"https:\/\/www.miam.cooking\/index.php\/a-propos\/","og_site_name":"MI\u00c0M by Emma","article_publisher":"https:\/\/www.facebook.com\/www.miam.cooking","article_modified_time":"2024-06-13T13:46:23+00:00","og_image":[{"url":"http:\/\/www.miam.cooking\/wp-content\/uploads\/2022\/10\/PHOTO-2022-10-07-11-44-53-1024x1024.jpg"}],"twitter_card":"summary_large_image","twitter_misc":{"Dur\u00e9e de lecture estim\u00e9e":"1 minute"},"schema":{"@context":"https:\/\/schema.org","@graph":[{"@type":"WebPage","@id":"https:\/\/www.miam.cooking\/index.php\/a-propos\/","url":"https:\/\/www.miam.cooking\/index.php\/a-propos\/","name":"\u00c0 propos - MI\u00c0M by Emma","isPartOf":{"@id":"http:\/\/www.miam.cooking\/#website"},"primaryImageOfPage":{"@id":"https:\/\/www.miam.cooking\/index.php\/a-propos\/#primaryimage"},"image":{"@id":"https:\/\/www.miam.cooking\/index.php\/a-propos\/#primaryimage"},"thumbnailUrl":"http:\/\/www.miam.cooking\/wp-content\/uploads\/2022\/10\/PHOTO-2022-10-07-11-44-53-1024x1024.jpg","datePublished":"2022-09-26T11:24:55+00:00","dateModified":"2024-06-13T13:46:23+00:00","breadcrumb":{"@id":"https:\/\/www.miam.cooking\/index.php\/a-propos\/#breadcrumb"},"inLanguage":"fr-FR","potentialAction":[{"@type":"ReadAction","target":["https:\/\/www.miam.cooking\/index.php\/a-propos\/"]}]},{"@type":"ImageObject","inLanguage":"fr-FR","@id":"https:\/\/www.miam.cooking\/index.php\/a-propos\/#primaryimage","url":"https:\/\/www.miam.cooking\/wp-content\/uploads\/2022\/10\/PHOTO-2022-10-07-11-44-53.jpg","contentUrl":"https:\/\/www.miam.cooking\/wp-content\/uploads\/2022\/10\/PHOTO-2022-10-07-11-44-53.jpg","width":1440,"height":1440},{"@type":"BreadcrumbList","@id":"https:\/\/www.miam.cooking\/index.php\/a-propos\/#breadcrumb","itemListElement":[{"@type":"ListItem","position":1,"name":"Accueil","item":"http:\/\/www.miam.cooking\/"},{"@type":"ListItem","position":2,"name":"\u00c0 propos"}]},{"@type":"WebSite","@id":"http:\/\/www.miam.cooking\/#website","url":"http:\/\/www.miam.cooking\/","name":"MI\u00c0M by Emma","description":"Traiteur \u00e9v\u00e9nementiel sp\u00e9cialis\u00e9 dans la cr\u00e9ation de mets d\u00e9licieux et raffin\u00e9s pour tous types d&#039;\u00e9v\u00e9nements. Notre \u00e9quipe talentueuse travaille avec passion pour satisfaire les palais les plus exigeants. De plus, nous offrons \u00e9galement un service de cheffe priv\u00e9e, pour des exp\u00e9riences culinaires exclusives et personnalis\u00e9es selon vos go\u00fbts et vos besoins. Faites appel \u00e0 nous pour rendre votre \u00e9v\u00e9nement inoubliable et savoureux.","publisher":{"@id":"http:\/\/www.miam.cooking\/#organization"},"potentialAction":[{"@type":"SearchAction","target":{"@type":"EntryPoint","urlTemplate":"http:\/\/www.miam.cooking\/?s={search_term_string}"},"query-input":"required name=search_term_string"}],"inLanguage":"fr-FR"},{"@type":"Organization","@id":"http:\/\/www.miam.cooking\/#organization","name":"MI\u00c0M by Emma","url":"http:\/\/www.miam.cooking\/","logo":{"@type":"ImageObject","inLanguage":"fr-FR","@id":"http:\/\/www.miam.cooking\/#\/schema\/logo\/image\/","url":"https:\/\/www.miam.cooking\/wp-content\/uploads\/2022\/09\/new-logo-MIAM-carre.png","contentUrl":"https:\/\/www.miam.cooking\/wp-content\/uploads\/2022\/09\/new-logo-MIAM-carre.png","width":595,"height":842,"caption":"MI\u00c0M by Emma"},"image":{"@id":"http:\/\/www.miam.cooking\/#\/schema\/logo\/image\/"},"sameAs":["https:\/\/www.facebook.com\/www.miam.cooking","https:\/\/www.instagram.com\/miam.cooking\/"]}]}},"_links":{"self":[{"href":"https:\/\/www.miam.cooking\/index.php\/wp-json\/wp\/v2\/pages\/1192"}],"collection":[{"href":"https:\/\/www.miam.cooking\/index.php\/wp-json\/wp\/v2\/pages"}],"about":[{"href":"https:\/\/www.miam.cooking\/index.php\/wp-json\/wp\/v2\/types\/page"}],"author":[{"embeddable":true,"href":"https:\/\/www.miam.cooking\/index.php\/wp-json\/wp\/v2\/users\/3"}],"replies":[{"embeddable":true,"href":"https:\/\/www.miam.cooking\/index.php\/wp-json\/wp\/v2\/comments?post=1192"}],"version-history":[{"count":8,"href":"https:\/\/www.miam.cooking\/index.php\/wp-json\/wp\/v2\/pages\/1192\/revisions"}],"predecessor-version":[{"id":1415,"href":"https:\/\/www.miam.cooking\/index.php\/wp-json\/wp\/v2\/pages\/1192\/revisions\/1415"}],"wp:attachment":[{"href":"https:\/\/www.miam.cooking\/index.php\/wp-json\/wp\/v2\/media?parent=1192"}],"curies":[{"name":"wp","href":"https:\/\/api.w.org\/{rel}","templated":true}]}}