{"id":1070,"date":"2022-09-07T14:57:56","date_gmt":"2022-09-07T12:57:56","guid":{"rendered":"http:\/\/fitness2.mythemecloud.io\/?page_id=465"},"modified":"2024-03-27T15:34:56","modified_gmt":"2024-03-27T14:34:56","slug":"galerie","status":"publish","type":"page","link":"https:\/\/www.miam.cooking\/index.php\/galerie\/","title":{"rendered":"Stylisme"},"content":{"rendered":"<style>\/*! elementor - v3.7.8 - 02-10-2022 *\/<br \/>\n.elementor-widget-image{text-align:center}.elementor-widget-image a{display:inline-block}.elementor-widget-image a img[src$=\".svg\"]{width:48px}.elementor-widget-image img{vertical-align:middle;display:inline-block}<\/style>\n<p>\t\t\t\t\t\t\t\t\t\t\t\t<img decoding=\"async\" width=\"1361\" height=\"1361\" src=\"http:\/\/www.miam.cooking\/wp-content\/uploads\/2022\/10\/papillotte-2-2.jpg.jpg\" alt=\"\" loading=\"lazy\" srcset=\"http:\/\/www.miam.cooking\/wp-content\/uploads\/2022\/10\/papillotte-2-2.jpg.jpg 1361w, http:\/\/www.miam.cooking\/wp-content\/uploads\/2022\/10\/papillotte-2-2.jpg-300x300.jpg 300w, http:\/\/www.miam.cooking\/wp-content\/uploads\/2022\/10\/papillotte-2-2.jpg-1024x1024.jpg 1024w, http:\/\/www.miam.cooking\/wp-content\/uploads\/2022\/10\/papillotte-2-2.jpg-150x150.jpg 150w, http:\/\/www.miam.cooking\/wp-content\/uploads\/2022\/10\/papillotte-2-2.jpg-768x768.jpg 768w, http:\/\/www.miam.cooking\/wp-content\/uploads\/2022\/10\/papillotte-2-2.jpg-600x600.jpg 600w\" sizes=\"(max-width: 1361px) 100vw, 1361px\"><br \/>\n<img decoding=\"async\" width=\"1080\" height=\"1080\" src=\"http:\/\/www.miam.cooking\/wp-content\/uploads\/2020\/11\/Soupe-de-nouilles-aux-crevettes-pak-cho\u00ef-et-lait-de-coco.-.jpg\" alt=\"\" loading=\"lazy\" srcset=\"http:\/\/www.miam.cooking\/wp-content\/uploads\/2020\/11\/Soupe-de-nouilles-aux-crevettes-pak-cho\u00ef-et-lait-de-coco.-.jpg 1080w, http:\/\/www.miam.cooking\/wp-content\/uploads\/2020\/11\/Soupe-de-nouilles-aux-crevettes-pak-cho\u00ef-et-lait-de-coco.--300x300.jpg 300w, http:\/\/www.miam.cooking\/wp-content\/uploads\/2020\/11\/Soupe-de-nouilles-aux-crevettes-pak-cho\u00ef-et-lait-de-coco.--1024x1024.jpg 1024w, http:\/\/www.miam.cooking\/wp-content\/uploads\/2020\/11\/Soupe-de-nouilles-aux-crevettes-pak-cho\u00ef-et-lait-de-coco.--150x150.jpg 150w, http:\/\/www.miam.cooking\/wp-content\/uploads\/2020\/11\/Soupe-de-nouilles-aux-crevettes-pak-cho\u00ef-et-lait-de-coco.--768x768.jpg 768w, http:\/\/www.miam.cooking\/wp-content\/uploads\/2020\/11\/Soupe-de-nouilles-aux-crevettes-pak-cho\u00ef-et-lait-de-coco.--60x60.jpg 60w\" sizes=\"(max-width: 1080px) 100vw, 1080px\"><br \/>\n<img decoding=\"async\" width=\"1080\" height=\"1080\" src=\"http:\/\/www.miam.cooking\/wp-content\/uploads\/2020\/11\/Jambon-au-Mad\u00e8re-et-raisins-secs..jpg\" alt=\"\" loading=\"lazy\" srcset=\"http:\/\/www.miam.cooking\/wp-content\/uploads\/2020\/11\/Jambon-au-Mad\u00e8re-et-raisins-secs..jpg 1080w, http:\/\/www.miam.cooking\/wp-content\/uploads\/2020\/11\/Jambon-au-Mad\u00e8re-et-raisins-secs.-300x300.jpg 300w, http:\/\/www.miam.cooking\/wp-content\/uploads\/2020\/11\/Jambon-au-Mad\u00e8re-et-raisins-secs.-1024x1024.jpg 1024w, http:\/\/www.miam.cooking\/wp-content\/uploads\/2020\/11\/Jambon-au-Mad\u00e8re-et-raisins-secs.-150x150.jpg 150w, http:\/\/www.miam.cooking\/wp-content\/uploads\/2020\/11\/Jambon-au-Mad\u00e8re-et-raisins-secs.-768x768.jpg 768w, http:\/\/www.miam.cooking\/wp-content\/uploads\/2020\/11\/Jambon-au-Mad\u00e8re-et-raisins-secs.-60x60.jpg 60w\" sizes=\"(max-width: 1080px) 100vw, 1080px\"><br \/>\n<img decoding=\"async\" width=\"1242\" height=\"1235\" src=\"http:\/\/www.miam.cooking\/wp-content\/uploads\/2022\/10\/IMG_4756.jpg\" alt=\"\" loading=\"lazy\" srcset=\"http:\/\/www.miam.cooking\/wp-content\/uploads\/2022\/10\/IMG_4756.jpg 1242w, http:\/\/www.miam.cooking\/wp-content\/uploads\/2022\/10\/IMG_4756-300x298.jpg 300w, http:\/\/www.miam.cooking\/wp-content\/uploads\/2022\/10\/IMG_4756-1024x1018.jpg 1024w, http:\/\/www.miam.cooking\/wp-content\/uploads\/2022\/10\/IMG_4756-150x150.jpg 150w, http:\/\/www.miam.cooking\/wp-content\/uploads\/2022\/10\/IMG_4756-768x764.jpg 768w\" sizes=\"(max-width: 1242px) 100vw, 1242px\"><br \/>\n<img decoding=\"async\" width=\"1080\" height=\"1080\" src=\"http:\/\/www.miam.cooking\/wp-content\/uploads\/2020\/11\/Salade-des-moines.-Sp\u00e9cialit\u00e9-libanaise-\u00e0-base-daubergines-tomates-pois-chiches.jpg\" alt=\"\" loading=\"lazy\" srcset=\"http:\/\/www.miam.cooking\/wp-content\/uploads\/2020\/11\/Salade-des-moines.-Sp\u00e9cialit\u00e9-libanaise-\u00e0-base-daubergines-tomates-pois-chiches.jpg 1080w, http:\/\/www.miam.cooking\/wp-content\/uploads\/2020\/11\/Salade-des-moines.-Sp\u00e9cialit\u00e9-libanaise-\u00e0-base-daubergines-tomates-pois-chiches-300x300.jpg 300w, http:\/\/www.miam.cooking\/wp-content\/uploads\/2020\/11\/Salade-des-moines.-Sp\u00e9cialit\u00e9-libanaise-\u00e0-base-daubergines-tomates-pois-chiches-1024x1024.jpg 1024w, http:\/\/www.miam.cooking\/wp-content\/uploads\/2020\/11\/Salade-des-moines.-Sp\u00e9cialit\u00e9-libanaise-\u00e0-base-daubergines-tomates-pois-chiches-150x150.jpg 150w, http:\/\/www.miam.cooking\/wp-content\/uploads\/2020\/11\/Salade-des-moines.-Sp\u00e9cialit\u00e9-libanaise-\u00e0-base-daubergines-tomates-pois-chiches-768x768.jpg 768w, http:\/\/www.miam.cooking\/wp-content\/uploads\/2020\/11\/Salade-des-moines.-Sp\u00e9cialit\u00e9-libanaise-\u00e0-base-daubergines-tomates-pois-chiches-60x60.jpg 60w\" sizes=\"(max-width: 1080px) 100vw, 1080px\"><br \/>\n<img decoding=\"async\" width=\"1080\" height=\"1080\" src=\"http:\/\/www.miam.cooking\/wp-content\/uploads\/2020\/11\/Duo-de-cr\u00e8me-de-lentilles-et-potimarron-roses-de-chorizo-grill\u00e9es-oeuf-mollet..jpg\" alt=\"\" loading=\"lazy\" srcset=\"http:\/\/www.miam.cooking\/wp-content\/uploads\/2020\/11\/Duo-de-cr\u00e8me-de-lentilles-et-potimarron-roses-de-chorizo-grill\u00e9es-oeuf-mollet..jpg 1080w, http:\/\/www.miam.cooking\/wp-content\/uploads\/2020\/11\/Duo-de-cr\u00e8me-de-lentilles-et-potimarron-roses-de-chorizo-grill\u00e9es-oeuf-mollet.-300x300.jpg 300w, http:\/\/www.miam.cooking\/wp-content\/uploads\/2020\/11\/Duo-de-cr\u00e8me-de-lentilles-et-potimarron-roses-de-chorizo-grill\u00e9es-oeuf-mollet.-1024x1024.jpg 1024w, http:\/\/www.miam.cooking\/wp-content\/uploads\/2020\/11\/Duo-de-cr\u00e8me-de-lentilles-et-potimarron-roses-de-chorizo-grill\u00e9es-oeuf-mollet.-150x150.jpg 150w, http:\/\/www.miam.cooking\/wp-content\/uploads\/2020\/11\/Duo-de-cr\u00e8me-de-lentilles-et-potimarron-roses-de-chorizo-grill\u00e9es-oeuf-mollet.-768x768.jpg 768w, http:\/\/www.miam.cooking\/wp-content\/uploads\/2020\/11\/Duo-de-cr\u00e8me-de-lentilles-et-potimarron-roses-de-chorizo-grill\u00e9es-oeuf-mollet.-60x60.jpg 60w\" sizes=\"(max-width: 1080px) 100vw, 1080px\"><br \/>\n<img decoding=\"async\" width=\"1080\" height=\"1080\" src=\"http:\/\/www.miam.cooking\/wp-content\/uploads\/2020\/11\/Tartelette-aux-fruits.jpg\" alt=\"\" loading=\"lazy\" srcset=\"http:\/\/www.miam.cooking\/wp-content\/uploads\/2020\/11\/Tartelette-aux-fruits.jpg 1080w, http:\/\/www.miam.cooking\/wp-content\/uploads\/2020\/11\/Tartelette-aux-fruits-300x300.jpg 300w, http:\/\/www.miam.cooking\/wp-content\/uploads\/2020\/11\/Tartelette-aux-fruits-1024x1024.jpg 1024w, http:\/\/www.miam.cooking\/wp-content\/uploads\/2020\/11\/Tartelette-aux-fruits-150x150.jpg 150w, http:\/\/www.miam.cooking\/wp-content\/uploads\/2020\/11\/Tartelette-aux-fruits-768x768.jpg 768w, http:\/\/www.miam.cooking\/wp-content\/uploads\/2020\/11\/Tartelette-aux-fruits-60x60.jpg 60w\" sizes=\"(max-width: 1080px) 100vw, 1080px\"><br \/>\n<img decoding=\"async\" width=\"1080\" height=\"1080\" src=\"http:\/\/www.miam.cooking\/wp-content\/uploads\/2020\/11\/Petites-cocottes-de-pommes-de-terre-et-butternut-r\u00f4ties-\u00e0-la-graisse-de-canard-haricots-lingots-et-magret-fum\u00e9..jpg\" alt=\"\" loading=\"lazy\" srcset=\"http:\/\/www.miam.cooking\/wp-content\/uploads\/2020\/11\/Petites-cocottes-de-pommes-de-terre-et-butternut-r\u00f4ties-\u00e0-la-graisse-de-canard-haricots-lingots-et-magret-fum\u00e9..jpg 1080w, http:\/\/www.miam.cooking\/wp-content\/uploads\/2020\/11\/Petites-cocottes-de-pommes-de-terre-et-butternut-r\u00f4ties-\u00e0-la-graisse-de-canard-haricots-lingots-et-magret-fum\u00e9.-300x300.jpg 300w, http:\/\/www.miam.cooking\/wp-content\/uploads\/2020\/11\/Petites-cocottes-de-pommes-de-terre-et-butternut-r\u00f4ties-\u00e0-la-graisse-de-canard-haricots-lingots-et-magret-fum\u00e9.-1024x1024.jpg 1024w, http:\/\/www.miam.cooking\/wp-content\/uploads\/2020\/11\/Petites-cocottes-de-pommes-de-terre-et-butternut-r\u00f4ties-\u00e0-la-graisse-de-canard-haricots-lingots-et-magret-fum\u00e9.-150x150.jpg 150w, http:\/\/www.miam.cooking\/wp-content\/uploads\/2020\/11\/Petites-cocottes-de-pommes-de-terre-et-butternut-r\u00f4ties-\u00e0-la-graisse-de-canard-haricots-lingots-et-magret-fum\u00e9.-768x768.jpg 768w, http:\/\/www.miam.cooking\/wp-content\/uploads\/2020\/11\/Petites-cocottes-de-pommes-de-terre-et-butternut-r\u00f4ties-\u00e0-la-graisse-de-canard-haricots-lingots-et-magret-fum\u00e9.-60x60.jpg 60w\" sizes=\"(max-width: 1080px) 100vw, 1080px\"><br \/>\n<img decoding=\"async\" width=\"1440\" height=\"1440\" src=\"http:\/\/www.miam.cooking\/wp-content\/uploads\/2022\/10\/122119300_3156056051188830_2777152478026868485_n-1.jpg\" alt=\"\" loading=\"lazy\" srcset=\"http:\/\/www.miam.cooking\/wp-content\/uploads\/2022\/10\/122119300_3156056051188830_2777152478026868485_n-1.jpg 1440w, http:\/\/www.miam.cooking\/wp-content\/uploads\/2022\/10\/122119300_3156056051188830_2777152478026868485_n-1-300x300.jpg 300w, http:\/\/www.miam.cooking\/wp-content\/uploads\/2022\/10\/122119300_3156056051188830_2777152478026868485_n-1-1024x1024.jpg 1024w, http:\/\/www.miam.cooking\/wp-content\/uploads\/2022\/10\/122119300_3156056051188830_2777152478026868485_n-1-150x150.jpg 150w, http:\/\/www.miam.cooking\/wp-content\/uploads\/2022\/10\/122119300_3156056051188830_2777152478026868485_n-1-768x768.jpg 768w, http:\/\/www.miam.cooking\/wp-content\/uploads\/2022\/10\/122119300_3156056051188830_2777152478026868485_n-1-600x600.jpg 600w\" sizes=\"(max-width: 1440px) 100vw, 1440px\"><br \/>\n<img decoding=\"async\" width=\"1080\" height=\"1080\" src=\"http:\/\/www.miam.cooking\/wp-content\/uploads\/2020\/11\/Tomate-mozzarella-fa\u00e7on-tour-de-Pise-au-vinaigre-balsamique-et-cr\u00e8me-dail..jpg\" alt=\"\" loading=\"lazy\" srcset=\"http:\/\/www.miam.cooking\/wp-content\/uploads\/2020\/11\/Tomate-mozzarella-fa\u00e7on-tour-de-Pise-au-vinaigre-balsamique-et-cr\u00e8me-dail..jpg 1080w, http:\/\/www.miam.cooking\/wp-content\/uploads\/2020\/11\/Tomate-mozzarella-fa\u00e7on-tour-de-Pise-au-vinaigre-balsamique-et-cr\u00e8me-dail.-300x300.jpg 300w, http:\/\/www.miam.cooking\/wp-content\/uploads\/2020\/11\/Tomate-mozzarella-fa\u00e7on-tour-de-Pise-au-vinaigre-balsamique-et-cr\u00e8me-dail.-1024x1024.jpg 1024w, http:\/\/www.miam.cooking\/wp-content\/uploads\/2020\/11\/Tomate-mozzarella-fa\u00e7on-tour-de-Pise-au-vinaigre-balsamique-et-cr\u00e8me-dail.-150x150.jpg 150w, http:\/\/www.miam.cooking\/wp-content\/uploads\/2020\/11\/Tomate-mozzarella-fa\u00e7on-tour-de-Pise-au-vinaigre-balsamique-et-cr\u00e8me-dail.-768x768.jpg 768w, http:\/\/www.miam.cooking\/wp-content\/uploads\/2020\/11\/Tomate-mozzarella-fa\u00e7on-tour-de-Pise-au-vinaigre-balsamique-et-cr\u00e8me-dail.-60x60.jpg 60w\" sizes=\"(max-width: 1080px) 100vw, 1080px\"><br \/>\n<img decoding=\"async\" width=\"1080\" height=\"1080\" src=\"http:\/\/www.miam.cooking\/wp-content\/uploads\/2020\/11\/Filet-de-daurade-en-bouillon-tha\u00ef-orge-mond\u00e9-petits-l\u00e9gumes-croquants-..jpg\" alt=\"\" loading=\"lazy\" srcset=\"http:\/\/www.miam.cooking\/wp-content\/uploads\/2020\/11\/Filet-de-daurade-en-bouillon-tha\u00ef-orge-mond\u00e9-petits-l\u00e9gumes-croquants-..jpg 1080w, http:\/\/www.miam.cooking\/wp-content\/uploads\/2020\/11\/Filet-de-daurade-en-bouillon-tha\u00ef-orge-mond\u00e9-petits-l\u00e9gumes-croquants-.-300x300.jpg 300w, http:\/\/www.miam.cooking\/wp-content\/uploads\/2020\/11\/Filet-de-daurade-en-bouillon-tha\u00ef-orge-mond\u00e9-petits-l\u00e9gumes-croquants-.-1024x1024.jpg 1024w, http:\/\/www.miam.cooking\/wp-content\/uploads\/2020\/11\/Filet-de-daurade-en-bouillon-tha\u00ef-orge-mond\u00e9-petits-l\u00e9gumes-croquants-.-150x150.jpg 150w, http:\/\/www.miam.cooking\/wp-content\/uploads\/2020\/11\/Filet-de-daurade-en-bouillon-tha\u00ef-orge-mond\u00e9-petits-l\u00e9gumes-croquants-.-768x768.jpg 768w, http:\/\/www.miam.cooking\/wp-content\/uploads\/2020\/11\/Filet-de-daurade-en-bouillon-tha\u00ef-orge-mond\u00e9-petits-l\u00e9gumes-croquants-.-60x60.jpg 60w\" sizes=\"(max-width: 1080px) 100vw, 1080px\"><br \/>\n<img decoding=\"async\" width=\"1440\" height=\"1438\" src=\"http:\/\/www.miam.cooking\/wp-content\/uploads\/2022\/10\/199430417_3779183882209374_7691648927970955798_n-2-1.jpg\" alt=\"\" loading=\"lazy\" srcset=\"http:\/\/www.miam.cooking\/wp-content\/uploads\/2022\/10\/199430417_3779183882209374_7691648927970955798_n-2-1.jpg 1440w, http:\/\/www.miam.cooking\/wp-content\/uploads\/2022\/10\/199430417_3779183882209374_7691648927970955798_n-2-1-300x300.jpg 300w, http:\/\/www.miam.cooking\/wp-content\/uploads\/2022\/10\/199430417_3779183882209374_7691648927970955798_n-2-1-1024x1024.jpg 1024w, http:\/\/www.miam.cooking\/wp-content\/uploads\/2022\/10\/199430417_3779183882209374_7691648927970955798_n-2-1-150x150.jpg 150w, http:\/\/www.miam.cooking\/wp-content\/uploads\/2022\/10\/199430417_3779183882209374_7691648927970955798_n-2-1-768x767.jpg 768w, http:\/\/www.miam.cooking\/wp-content\/uploads\/2022\/10\/199430417_3779183882209374_7691648927970955798_n-2-1-600x600.jpg 600w\" sizes=\"(max-width: 1440px) 100vw, 1440px\"><\/p>\n","protected":false},"excerpt":{"rendered":"","protected":false},"author":3,"featured_media":0,"parent":0,"menu_order":0,"comment_status":"closed","ping_status":"closed","template":"elementor_canvas","meta":{"ocean_post_layout":"full-width","ocean_both_sidebars_style":"","ocean_both_sidebars_content_width":0,"ocean_both_sidebars_sidebars_width":0,"ocean_sidebar":"0","ocean_second_sidebar":"0","ocean_disable_margins":"enable","ocean_add_body_class":"","ocean_shortcode_before_top_bar":"","ocean_shortcode_after_top_bar":"","ocean_shortcode_before_header":"","ocean_shortcode_after_header":"","ocean_has_shortcode":"","ocean_shortcode_after_title":"","ocean_shortcode_before_footer_widgets":"","ocean_shortcode_after_footer_widgets":"","ocean_shortcode_before_footer_bottom":"","ocean_shortcode_after_footer_bottom":"","ocean_display_top_bar":"default","ocean_display_header":"default","ocean_header_style":"","ocean_center_header_left_menu":"0","ocean_custom_header_template":"0","ocean_custom_logo":11,"ocean_custom_retina_logo":11,"ocean_custom_logo_max_width":0,"ocean_custom_logo_tablet_max_width":0,"ocean_custom_logo_mobile_max_width":0,"ocean_custom_logo_max_height":0,"ocean_custom_logo_tablet_max_height":0,"ocean_custom_logo_mobile_max_height":0,"ocean_header_custom_menu":"0","ocean_menu_typo_font_family":"0","ocean_menu_typo_font_subset":"","ocean_menu_typo_font_size":0,"ocean_menu_typo_font_size_tablet":0,"ocean_menu_typo_font_size_mobile":0,"ocean_menu_typo_font_size_unit":"px","ocean_menu_typo_font_weight":"","ocean_menu_typo_font_weight_tablet":"","ocean_menu_typo_font_weight_mobile":"","ocean_menu_typo_transform":"","ocean_menu_typo_transform_tablet":"","ocean_menu_typo_transform_mobile":"","ocean_menu_typo_line_height":0,"ocean_menu_typo_line_height_tablet":0,"ocean_menu_typo_line_height_mobile":0,"ocean_menu_typo_line_height_unit":"","ocean_menu_typo_spacing":0,"ocean_menu_typo_spacing_tablet":0,"ocean_menu_typo_spacing_mobile":0,"ocean_menu_typo_spacing_unit":"","ocean_menu_link_color":"","ocean_menu_link_color_hover":"","ocean_menu_link_color_active":"","ocean_menu_link_background":"","ocean_menu_link_hover_background":"","ocean_menu_link_active_background":"","ocean_menu_social_links_bg":"","ocean_menu_social_hover_links_bg":"","ocean_menu_social_links_color":"","ocean_menu_social_hover_links_color":"","ocean_disable_title":"on","ocean_disable_heading":"default","ocean_post_title":"","ocean_post_subheading":"","ocean_post_title_style":"","ocean_post_title_background_color":"","ocean_post_title_background":0,"ocean_post_title_bg_image_position":"","ocean_post_title_bg_image_attachment":"","ocean_post_title_bg_image_repeat":"","ocean_post_title_bg_image_size":"","ocean_post_title_height":0,"ocean_post_title_bg_overlay":0.5,"ocean_post_title_bg_overlay_color":"","ocean_disable_breadcrumbs":"default","ocean_breadcrumbs_color":"","ocean_breadcrumbs_separator_color":"","ocean_breadcrumbs_links_color":"","ocean_breadcrumbs_links_hover_color":"","ocean_display_footer_widgets":"default","ocean_display_footer_bottom":"default","ocean_custom_footer_template":"0","footnotes":""},"yoast_head":"<!-- This site is optimized with the Yoast SEO plugin v22.8 - https:\/\/yoast.com\/wordpress\/plugins\/seo\/ -->\n<title>Stylisme - MI\u00c0M by Emma<\/title>\n<meta name=\"robots\" content=\"index, follow, max-snippet:-1, max-image-preview:large, max-video-preview:-1\" \/>\n<link rel=\"canonical\" href=\"https:\/\/www.miam.cooking\/index.php\/galerie\/\" \/>\n<meta property=\"og:locale\" content=\"fr_FR\" \/>\n<meta property=\"og:type\" content=\"article\" \/>\n<meta property=\"og:title\" content=\"Stylisme - MI\u00c0M by Emma\" \/>\n<meta property=\"og:url\" content=\"https:\/\/www.miam.cooking\/index.php\/galerie\/\" \/>\n<meta property=\"og:site_name\" content=\"MI\u00c0M by Emma\" \/>\n<meta property=\"article:publisher\" content=\"https:\/\/www.facebook.com\/www.miam.cooking\" \/>\n<meta property=\"article:modified_time\" content=\"2024-03-27T14:34:56+00:00\" \/>\n<meta property=\"og:image\" content=\"http:\/\/www.miam.cooking\/wp-content\/uploads\/2022\/10\/papillotte-2-2.jpg.jpg\" \/>\n<meta name=\"twitter:card\" content=\"summary_large_image\" \/>\n<script type=\"application\/ld+json\" class=\"yoast-schema-graph\">{\"@context\":\"https:\/\/schema.org\",\"@graph\":[{\"@type\":\"WebPage\",\"@id\":\"https:\/\/www.miam.cooking\/index.php\/galerie\/\",\"url\":\"https:\/\/www.miam.cooking\/index.php\/galerie\/\",\"name\":\"Stylisme - MI\u00c0M by Emma\",\"isPartOf\":{\"@id\":\"http:\/\/www.miam.cooking\/#website\"},\"primaryImageOfPage\":{\"@id\":\"https:\/\/www.miam.cooking\/index.php\/galerie\/#primaryimage\"},\"image\":{\"@id\":\"https:\/\/www.miam.cooking\/index.php\/galerie\/#primaryimage\"},\"thumbnailUrl\":\"http:\/\/www.miam.cooking\/wp-content\/uploads\/2022\/10\/papillotte-2-2.jpg.jpg\",\"datePublished\":\"2022-09-07T12:57:56+00:00\",\"dateModified\":\"2024-03-27T14:34:56+00:00\",\"breadcrumb\":{\"@id\":\"https:\/\/www.miam.cooking\/index.php\/galerie\/#breadcrumb\"},\"inLanguage\":\"fr-FR\",\"potentialAction\":[{\"@type\":\"ReadAction\",\"target\":[\"https:\/\/www.miam.cooking\/index.php\/galerie\/\"]}]},{\"@type\":\"ImageObject\",\"inLanguage\":\"fr-FR\",\"@id\":\"https:\/\/www.miam.cooking\/index.php\/galerie\/#primaryimage\",\"url\":\"https:\/\/www.miam.cooking\/wp-content\/uploads\/2022\/10\/papillotte-2-2.jpg.jpg\",\"contentUrl\":\"https:\/\/www.miam.cooking\/wp-content\/uploads\/2022\/10\/papillotte-2-2.jpg.jpg\",\"width\":1361,\"height\":1361},{\"@type\":\"BreadcrumbList\",\"@id\":\"https:\/\/www.miam.cooking\/index.php\/galerie\/#breadcrumb\",\"itemListElement\":[{\"@type\":\"ListItem\",\"position\":1,\"name\":\"Accueil\",\"item\":\"http:\/\/www.miam.cooking\/\"},{\"@type\":\"ListItem\",\"position\":2,\"name\":\"Stylisme\"}]},{\"@type\":\"WebSite\",\"@id\":\"http:\/\/www.miam.cooking\/#website\",\"url\":\"http:\/\/www.miam.cooking\/\",\"name\":\"MI\u00c0M by Emma\",\"description\":\"Traiteur \u00e9v\u00e9nementiel sp\u00e9cialis\u00e9 dans la cr\u00e9ation de mets d\u00e9licieux et raffin\u00e9s pour tous types d&#039;\u00e9v\u00e9nements. Notre \u00e9quipe talentueuse travaille avec passion pour satisfaire les palais les plus exigeants. De plus, nous offrons \u00e9galement un service de cheffe priv\u00e9e, pour des exp\u00e9riences culinaires exclusives et personnalis\u00e9es selon vos go\u00fbts et vos besoins. Faites appel \u00e0 nous pour rendre votre \u00e9v\u00e9nement inoubliable et savoureux.\",\"publisher\":{\"@id\":\"http:\/\/www.miam.cooking\/#organization\"},\"potentialAction\":[{\"@type\":\"SearchAction\",\"target\":{\"@type\":\"EntryPoint\",\"urlTemplate\":\"http:\/\/www.miam.cooking\/?s={search_term_string}\"},\"query-input\":\"required name=search_term_string\"}],\"inLanguage\":\"fr-FR\"},{\"@type\":\"Organization\",\"@id\":\"http:\/\/www.miam.cooking\/#organization\",\"name\":\"MI\u00c0M by Emma\",\"url\":\"http:\/\/www.miam.cooking\/\",\"logo\":{\"@type\":\"ImageObject\",\"inLanguage\":\"fr-FR\",\"@id\":\"http:\/\/www.miam.cooking\/#\/schema\/logo\/image\/\",\"url\":\"https:\/\/www.miam.cooking\/wp-content\/uploads\/2022\/09\/new-logo-MIAM-carre.png\",\"contentUrl\":\"https:\/\/www.miam.cooking\/wp-content\/uploads\/2022\/09\/new-logo-MIAM-carre.png\",\"width\":595,\"height\":842,\"caption\":\"MI\u00c0M by Emma\"},\"image\":{\"@id\":\"http:\/\/www.miam.cooking\/#\/schema\/logo\/image\/\"},\"sameAs\":[\"https:\/\/www.facebook.com\/www.miam.cooking\",\"https:\/\/www.instagram.com\/miam.cooking\/\"]}]}<\/script>\n<!-- \/ Yoast SEO plugin. -->","yoast_head_json":{"title":"Stylisme - MI\u00c0M by Emma","robots":{"index":"index","follow":"follow","max-snippet":"max-snippet:-1","max-image-preview":"max-image-preview:large","max-video-preview":"max-video-preview:-1"},"canonical":"https:\/\/www.miam.cooking\/index.php\/galerie\/","og_locale":"fr_FR","og_type":"article","og_title":"Stylisme - MI\u00c0M by Emma","og_url":"https:\/\/www.miam.cooking\/index.php\/galerie\/","og_site_name":"MI\u00c0M by Emma","article_publisher":"https:\/\/www.facebook.com\/www.miam.cooking","article_modified_time":"2024-03-27T14:34:56+00:00","og_image":[{"url":"http:\/\/www.miam.cooking\/wp-content\/uploads\/2022\/10\/papillotte-2-2.jpg.jpg"}],"twitter_card":"summary_large_image","schema":{"@context":"https:\/\/schema.org","@graph":[{"@type":"WebPage","@id":"https:\/\/www.miam.cooking\/index.php\/galerie\/","url":"https:\/\/www.miam.cooking\/index.php\/galerie\/","name":"Stylisme - MI\u00c0M by Emma","isPartOf":{"@id":"http:\/\/www.miam.cooking\/#website"},"primaryImageOfPage":{"@id":"https:\/\/www.miam.cooking\/index.php\/galerie\/#primaryimage"},"image":{"@id":"https:\/\/www.miam.cooking\/index.php\/galerie\/#primaryimage"},"thumbnailUrl":"http:\/\/www.miam.cooking\/wp-content\/uploads\/2022\/10\/papillotte-2-2.jpg.jpg","datePublished":"2022-09-07T12:57:56+00:00","dateModified":"2024-03-27T14:34:56+00:00","breadcrumb":{"@id":"https:\/\/www.miam.cooking\/index.php\/galerie\/#breadcrumb"},"inLanguage":"fr-FR","potentialAction":[{"@type":"ReadAction","target":["https:\/\/www.miam.cooking\/index.php\/galerie\/"]}]},{"@type":"ImageObject","inLanguage":"fr-FR","@id":"https:\/\/www.miam.cooking\/index.php\/galerie\/#primaryimage","url":"https:\/\/www.miam.cooking\/wp-content\/uploads\/2022\/10\/papillotte-2-2.jpg.jpg","contentUrl":"https:\/\/www.miam.cooking\/wp-content\/uploads\/2022\/10\/papillotte-2-2.jpg.jpg","width":1361,"height":1361},{"@type":"BreadcrumbList","@id":"https:\/\/www.miam.cooking\/index.php\/galerie\/#breadcrumb","itemListElement":[{"@type":"ListItem","position":1,"name":"Accueil","item":"http:\/\/www.miam.cooking\/"},{"@type":"ListItem","position":2,"name":"Stylisme"}]},{"@type":"WebSite","@id":"http:\/\/www.miam.cooking\/#website","url":"http:\/\/www.miam.cooking\/","name":"MI\u00c0M by Emma","description":"Traiteur \u00e9v\u00e9nementiel sp\u00e9cialis\u00e9 dans la cr\u00e9ation de mets d\u00e9licieux et raffin\u00e9s pour tous types d&#039;\u00e9v\u00e9nements. Notre \u00e9quipe talentueuse travaille avec passion pour satisfaire les palais les plus exigeants. De plus, nous offrons \u00e9galement un service de cheffe priv\u00e9e, pour des exp\u00e9riences culinaires exclusives et personnalis\u00e9es selon vos go\u00fbts et vos besoins. Faites appel \u00e0 nous pour rendre votre \u00e9v\u00e9nement inoubliable et savoureux.","publisher":{"@id":"http:\/\/www.miam.cooking\/#organization"},"potentialAction":[{"@type":"SearchAction","target":{"@type":"EntryPoint","urlTemplate":"http:\/\/www.miam.cooking\/?s={search_term_string}"},"query-input":"required name=search_term_string"}],"inLanguage":"fr-FR"},{"@type":"Organization","@id":"http:\/\/www.miam.cooking\/#organization","name":"MI\u00c0M by Emma","url":"http:\/\/www.miam.cooking\/","logo":{"@type":"ImageObject","inLanguage":"fr-FR","@id":"http:\/\/www.miam.cooking\/#\/schema\/logo\/image\/","url":"https:\/\/www.miam.cooking\/wp-content\/uploads\/2022\/09\/new-logo-MIAM-carre.png","contentUrl":"https:\/\/www.miam.cooking\/wp-content\/uploads\/2022\/09\/new-logo-MIAM-carre.png","width":595,"height":842,"caption":"MI\u00c0M by Emma"},"image":{"@id":"http:\/\/www.miam.cooking\/#\/schema\/logo\/image\/"},"sameAs":["https:\/\/www.facebook.com\/www.miam.cooking","https:\/\/www.instagram.com\/miam.cooking\/"]}]}},"_links":{"self":[{"href":"https:\/\/www.miam.cooking\/index.php\/wp-json\/wp\/v2\/pages\/1070"}],"collection":[{"href":"https:\/\/www.miam.cooking\/index.php\/wp-json\/wp\/v2\/pages"}],"about":[{"href":"https:\/\/www.miam.cooking\/index.php\/wp-json\/wp\/v2\/types\/page"}],"author":[{"embeddable":true,"href":"https:\/\/www.miam.cooking\/index.php\/wp-json\/wp\/v2\/users\/3"}],"replies":[{"embeddable":true,"href":"https:\/\/www.miam.cooking\/index.php\/wp-json\/wp\/v2\/comments?post=1070"}],"version-history":[{"count":22,"href":"https:\/\/www.miam.cooking\/index.php\/wp-json\/wp\/v2\/pages\/1070\/revisions"}],"predecessor-version":[{"id":1433,"href":"https:\/\/www.miam.cooking\/index.php\/wp-json\/wp\/v2\/pages\/1070\/revisions\/1433"}],"wp:attachment":[{"href":"https:\/\/www.miam.cooking\/index.php\/wp-json\/wp\/v2\/media?parent=1070"}],"curies":[{"name":"wp","href":"https:\/\/api.w.org\/{rel}","templated":true}]}}